{"id":4728,"date":"2024-01-17T16:23:36","date_gmt":"2024-01-17T19:23:36","guid":{"rendered":"https:\/\/loja.spott.eco\/index.php\/produto\/pedestal-de-recarga-1-saida-tipo-2-22-kw\/"},"modified":"2024-01-17T16:47:21","modified_gmt":"2024-01-17T19:47:21","slug":"pedestal-de-recarga-1-saida-tipo-2-22-kw","status":"publish","type":"product","link":"https:\/\/loja.spott.eco\/index.php\/produto\/pedestal-de-recarga-1-saida-tipo-2-22-kw\/","title":{"rendered":"Pedestal de Recarga 1 saida 22 kW"},"content":{"rendered":"","protected":false},"excerpt":{"rendered":"<p>Pedestal com carregador para ve\u00edculos el\u00e9tricos com 1 sa\u00edda de 22 kW<\/p>\n","protected":false},"featured_media":4762,"template":"","meta":[],"product_cat":[25],"product_tag":[],"aioseo_notices":[],"_links":{"self":[{"href":"https:\/\/loja.spott.eco\/index.php\/wp-json\/wp\/v2\/product\/4728"}],"collection":[{"href":"https:\/\/loja.spott.eco\/index.php\/wp-json\/wp\/v2\/product"}],"about":[{"href":"https:\/\/loja.spott.eco\/index.php\/wp-json\/wp\/v2\/types\/product"}],"wp:featuredmedia":[{"embeddable":true,"href":"https:\/\/loja.spott.eco\/index.php\/wp-json\/wp\/v2\/media\/4762"}],"wp:attachment":[{"href":"https:\/\/loja.spott.eco\/index.php\/wp-json\/wp\/v2\/media?parent=4728"}],"wp:term":[{"taxonomy":"product_cat","embeddable":true,"href":"https:\/\/loja.spott.eco\/index.php\/wp-json\/wp\/v2\/product_cat?post=4728"},{"taxonomy":"product_tag","embeddable":true,"href":"https:\/\/loja.spott.eco\/index.php\/wp-json\/wp\/v2\/product_tag?post=4728"}],"curies":[{"name":"wp","href":"https:\/\/api.w.org\/{rel}","templated":true}]}}