{"id":3,"date":"2024-01-14T18:14:50","date_gmt":"2024-01-14T21:14:50","guid":{"rendered":"https:\/\/loja.spott.eco\/?page_id=3"},"modified":"2024-01-15T12:35:42","modified_gmt":"2024-01-15T15:35:42","slug":"politica-de-privacidade","status":"publish","type":"page","link":"https:\/\/loja.spott.eco\/index.php\/politica-de-privacidade\/","title":{"rendered":"Pol\u00edtica de privacidade"},"content":{"rendered":"\n<h2 class=\"wp-block-heading\">Os dados abaixo constituem parte integrante dos Termos e Condi\u00e7\u00f5es de Uso.<\/h2>\n\n\n\n<p>Este site \u00e9 de propriedade, mantido, e operado por Spott Tecnologia Ltda. endere\u00e7o na Rua Harmonia, 1250 &#8211; Sumarezinho, S\u00e3o Paulo &#8211; SP, 05435-001.<\/p>\n\n\n\n<p>A Spott possui comprometimento com a seguran\u00e7a e privacidade de nossos clientes e das demais pessoas que t\u00eam seus dados tratados por N\u00f3s para tornar isso poss\u00edvel. Temos o compromisso de assegurar que o poder de escolha das pessoas que desejam adquirir nossos produtos e contratar nossos servi\u00e7os tamb\u00e9m se estenda \u00e0 forma como tratamos seus dados pessoais.<\/p>\n\n\n\n<p>Essa Pol\u00edtica se aplica \u00e0s nossas p\u00e1ginas da internet, plataformas de com\u00e9rcio eletr\u00f4nico, aplicativos, redes de wi-fi, e a todas as formas de tratamento que podemos dar aos dados pessoais que temos sobre voc\u00ea, inclusive os dados coletados em meios offline.<\/p>\n\n\n\n<p>Quando voc\u00ea interage conosco em alguma das situa\u00e7\u00f5es relacionadas acima, \u00e9 comum coletarmos alguns dados pessoais para diversas finalidades, como, por exemplo, para podermos processar seus pedidos de compra, manter voc\u00ea atualizado sobre o andamento dos seus pedidos, realizar pesquisas de satisfa\u00e7\u00e3o, entre outras. Da mesma forma, alguns dos nossos servi\u00e7os envolvem a realiza\u00e7\u00e3o de cadastros, por exemplo em nossas p\u00e1ginas da internet. Tamb\u00e9m usamos determinados dados pessoais para enviar comunica\u00e7\u00f5es relevantes sobre nossos produtos e servi\u00e7os e para lhe manter informado sobre novidades.<\/p>\n\n\n\n<p>Esses s\u00e3o s\u00f3 alguns exemplos que mostram como nossas atividades precisam utilizar dados pessoais, de forma leg\u00edtima e dentro de suas expectativas. Somos muito s\u00e9rios com o cumprimento das leis que protegem a sua privacidade, e esta pol\u00edtica de privacidade (a \u201cPol\u00edtica\u201d) descreve como os seus dados pessoais s\u00e3o coletados, usados, compartilhados e armazenados. Se ap\u00f3s a leitura desta Pol\u00edtica voc\u00ea ainda tiver d\u00favidas, fique \u00e0 vontade para entrar em contato conosco utilizando as informa\u00e7\u00f5es de contato indicadas ao final desse documento.<\/p>\n\n\n\n<p>Importante: essa Pol\u00edtica \u00e9 aplic\u00e1vel a todas as frentes de atua\u00e7\u00e3o da Spott, de maneira geral.<br><br>CONCEITOS B\u00c1SICOS: O QUE PRECISO SABER PARA COMPREENDER ESTA POL\u00cdTICA?<br><br>A fim de descomplicar a sua leitura, apresentamos algumas defini\u00e7\u00f5es \u00fateis para a sua interpreta\u00e7\u00e3o:<\/p>\n\n\n\n<p>(i) \u201cBases Legais\u201d s\u00e3o as hip\u00f3teses legais que autorizam a Spott a tratar Dados Pessoais. Todo e qualquer tratamento de Dados Pessoais s\u00f3 pode ser considerado v\u00e1lido se tiver fundamento em uma base legal.<\/p>\n\n\n\n<p>(ii) \u201cDado Pessoal\u201d \u00e9 qualquer informa\u00e7\u00e3o relativa a um indiv\u00edduo identificado ou identific\u00e1vel, incluindo n\u00fameros identificativos, dados de localiza\u00e7\u00e3o, identificadores eletr\u00f4nicos, ou qualquer dado que, quando combinado com outras informa\u00e7\u00f5es, seja capaz de identificar algu\u00e9m, torn\u00e1-la identific\u00e1vel ou, ainda, individualiz\u00e1-la.<\/p>\n\n\n\n<p>(iii) \u201cPlataformas Digitais\u201d ou \u201cPlataformas\u201d s\u00e3o os sites e aplicativos de titularidade da Spott.<\/p>\n\n\n\n<p>(iv) \u201cTratamento\u201d ou \u201cTratar\u201d s\u00e3o os usos que a Spott faz dos Dados Pessoais, incluindo, por exemplo, as seguintes atividades: coleta, registro, armazenamento, organiza\u00e7\u00e3o, consulta, uso, divulga\u00e7\u00e3o, compartilhamento, transmiss\u00e3o, classifica\u00e7\u00e3o, reprodu\u00e7\u00e3o, processamento e avalia\u00e7\u00e3o. Esses termos n\u00e3o ser\u00e3o utilizados com letra mai\u00fascula nessa Pol\u00edtica.<\/p>\n\n\n\n<p>(v) \u201cVoc\u00ea\u201d ou \u201cTitular dos Dados\u201d \u00e9 a pessoa com quem mais nos preocupamos e que mais respeitamos, e a quem os Dados Pessoais est\u00e3o relacionados.<br><br>COMO A SPOTT COLETA SEUS DADOS PESSOAIS? QUE TIPOS DE DADOS PESSOAIS S\u00c3O COLETADOS?<br><br>Os tipos de Dados Pessoais e a forma como a Spott os coleta dependem de como Voc\u00ea se relaciona com a empresa e por qu\u00ea. Por exemplo, os Dados Pessoais coletados ser\u00e3o diferentes caso voc\u00ea seja um cliente que compra em nossas lojas f\u00edsicas ou um visitante da nossa p\u00e1gina de internet.<\/p>\n\n\n\n<p>No relacionamento entre voc\u00ea e a Spott, N\u00f3s podemos utilizar seus Dados Pessoais de acordo com as finalidades apresentadas abaixo em rol exemplificativo, acompanhadas de uma breve explica\u00e7\u00e3o:<br>FINALIDADE 1<br>&#8211; Processamento de compras: Recebimento, processamento e comunica\u00e7\u00f5es referentes a pedidos de compra nas lojas f\u00edsicas e na p\u00e1gina da internet da Spott.<\/p>\n\n\n\n<p>1.1. Tipos de dados coletados<\/p>\n\n\n\n<ul>\n<li>Dados de cadastro: nome, e-mail, CPF, endere\u00e7o e outras informa\u00e7\u00f5es<\/li>\n\n\n\n<li>Prefer\u00eancias e h\u00e1bitos: dados sobre a sua rela\u00e7\u00e3o com a Spott, por exemplo o hist\u00f3rico de compras.<\/li>\n<\/ul>\n\n\n\n<p>1.2. Bases Legais<\/p>\n\n\n\n<ul>\n<li>Consentimento<\/li>\n\n\n\n<li>Leg\u00edtimo interesse<\/li>\n<\/ul>\n\n\n\n<p>FINALIDADE 2 &#8211; A\u00e7\u00f5es de marketing:<br>An\u00e1lise da sua rela\u00e7\u00e3o com a Spott para entender o seu perfil de consumo e direcionar material publicit\u00e1rio relevante<\/p>\n\n\n\n<p>2.1. Tipos de dados coletados<\/p>\n\n\n\n<ul>\n<li>Dados de cadastro: nome, e-mail, CPF, endere\u00e7o, telefone e outras informa\u00e7\u00f5es como geolocaliza\u00e7\u00e3o<\/li>\n\n\n\n<li>Dados sobre as suas compras: identifica\u00e7\u00e3o dos produtos adquiridos e outros dados relacionados.<\/li>\n<\/ul>\n\n\n\n<p>2.2. Bases Legais<\/p>\n\n\n\n<ul>\n<li>Leg\u00edtimo interesse<\/li>\n<\/ul>\n\n\n\n<p>FINALIDADE 3 &#8211; Comunica\u00e7\u00f5es gerais, pesquisas e avalia\u00e7\u00f5es:<br>Envio de comunica\u00e7\u00f5es sobre produtos, servi\u00e7os e novidades em geral sobre a Spott, intera\u00e7\u00f5es relacionadas a pesquisas realizadas com consumidores, como pesquisas de satisfa\u00e7\u00e3o, bem como an\u00e1lises e intera\u00e7\u00f5es com usu\u00e1rios que submetem avalia\u00e7\u00f5es sobre aspectos espec\u00edficos de suas rela\u00e7\u00f5es com a Spott.<\/p>\n\n\n\n<p>3.1. Tipos de dados coletados<\/p>\n\n\n\n<ul>\n<li>Dados de cadastro: nome, e-mail, telefone, endere\u00e7o, geolocaliza\u00e7\u00e3o<\/li>\n<\/ul>\n\n\n\n<p>3.2. Bases Legais<\/p>\n\n\n\n<ul>\n<li>Consentimento<\/li>\n\n\n\n<li>Leg\u00edtimo interesse<\/li>\n<\/ul>\n\n\n\n<p>N\u00f3s tamb\u00e9m utilizamos cookies e outras tecnologias similares de monitoramento e coleta de dados de navega\u00e7\u00e3o automatizada nas nossas Plataformas para oferecermos nossos servi\u00e7os online da melhor forma dispon\u00edvel para voc\u00ea. Para obter mais informa\u00e7\u00f5es sobre quais tipos de cookies utilizamos e para quais finalidades, acesse\u00a0<a href=\"https:\/\/www.obramax.com.br\/politica-de-cookies\">Pol\u00edtica de cookies<\/a>.<br><br><br>COM QUEM A SPOTT COMPARTILHA OS SEUS DADOS PESSOAIS?<br><br>A Spott, opera em parceria com uma s\u00e9rie de outras empresas para oferecer seus produtos e servi\u00e7os. Dessa forma, podemos compartilhar seus Dados Pessoais com essas empresas parceiras da Spott, sempre buscando preservar ao m\u00e1ximo a sua privacidade e, sempre que poss\u00edvel, de forma anonimizada. Aqui descrevemos exemplos de situa\u00e7\u00f5es em que vamos compartilhar Dados Pessoais e as suas respectivas finalidades:<\/p>\n\n\n\n<p>Nossos Parceiros e Fornecedores. Temos uma s\u00e9rie de parceiros e fornecedores que precisamos contratar para operar nossos servi\u00e7os e produtos, e alguns deles podem tratar parte dos Dados Pessoais que coletamos, como por exemplo, empresas que licenciam o direito de uso de plataformas digitais que d\u00e3o suporte \u00e0s opera\u00e7\u00f5es da Spott, que prestam servi\u00e7os de hospedagem de dados, de pesquisas de mercado e de opini\u00e3o, de consultoria sobre an\u00e1lise de dados, de transporte de produtos, de processamento de pagamentos, entre outros. Buscamos avaliar cuidadosamente nossos fornecedores e firmar com eles obriga\u00e7\u00f5es contratuais de seguran\u00e7a da informa\u00e7\u00e3o e prote\u00e7\u00e3o de Dados Pessoais, com o objetivo de afastar\/minimizar riscos para os Titulares.<\/p>\n\n\n\n<p>Autoridades P\u00fablicas. Temos que cumprir a lei. Assim, se estamos sujeitos a alguma obriga\u00e7\u00e3o legal ou regulat\u00f3ria que determine o fornecimento de Dados Pessoais a um \u00f3rg\u00e3o ou organiza\u00e7\u00e3o governamental, somos obrigados a faz\u00ea-lo. Al\u00e9m disso, se um juiz ou uma autoridade com compet\u00eancia legal ou regulat\u00f3ria exigir que a Spott compartilhe certos Dados Pessoais para, por exemplo, conduzir uma investiga\u00e7\u00e3o, tamb\u00e9m somos obrigados a compartilhar. Caso a Spott entenda que determinada ordem \u00e9 abusiva ou excessiva, vamos sempre defender a privacidade dos Titulares dos Dados Pessoais.<br><br>QUAIS S\u00c3O OS SEUS DIREITOS COMO TITULAR DE DADOS PESSOAIS?<br><br>Os Dados Pessoais s\u00e3o seus, e a lei brasileira garante a voc\u00ea uma s\u00e9rie de direitos relacionados a eles. N\u00f3s estamos comprometidos com o cumprimento desses direitos e, nessa se\u00e7\u00e3o, vamos explicar como voc\u00ea pode exercer esses direitos junto \u00e0 Spott.<\/p>\n\n\n\n<p>Como saber se a Spott possui Dados Pessoais sobre voc\u00ea, e como acess\u00e1-los?<\/p>\n\n\n\n<p>A Spott permite que voc\u00ea confirme se temos Dados Pessoais sobre voc\u00ea, bem como permite que voc\u00ea acesse esses Dados Pessoais. voc\u00ea pode solicitar essas informa\u00e7\u00f5es pelo formul\u00e1rio (Solicita\u00e7\u00f5es de dados pessoais).<br><br>Como corrigir os Dados Pessoais que a Spott possui sobre voc\u00ea?<br>A Spott permite que voc\u00ea solicite corre\u00e7\u00f5es de seus Dados Pessoais, caso voc\u00ea identifique alguma desatualiza\u00e7\u00e3o ou incorre\u00e7\u00e3o. Para fazer isso, contate-nos pelo formul\u00e1rio (Solicita\u00e7\u00f5es de dados pessoais).<br><br>Como excluir seus Dados Pessoais, total ou parcialmente?<br>A Spott permite que voc\u00ea solicite a exclus\u00e3o, total ou parcial, de seus Dados Pessoais. Para tanto, basta fazer a solicita\u00e7\u00e3o pelo formul\u00e1rio (Solicita\u00e7\u00f5es de dados pessoais).Note que alguns Dados Pessoais n\u00e3o poder\u00e3o ser exclu\u00eddos por conta de quest\u00f5es legais, como as que se referem a obriga\u00e7\u00f5es de reten\u00e7\u00e3o, mas nesses casos vamos manter nosso compromisso de sigilo e de prote\u00e7\u00e3o dos dados que precisarem ser mantidos.<br><br>Como restringir o tratamento de seus Dados Pessoais feito pela Spott?<br>A Spott permite que voc\u00ea restrinja o tratamento de seus Dados Pessoais. Existem algumas formas de fazer isso:<\/p>\n\n\n\n<p>(i) Em qualquer site, via navegador. Se voc\u00ea estiver usando um navegador (por exemplo, Chrome, Explorer, Safari, Firefox), esses programas possuem ferramentas para recusar e desabilitar a coleta de alguns dados de navega\u00e7\u00e3o, incluindo a possibilidade de voc\u00ea navegar de forma an\u00f4nima. Vamos sempre respeitar esse seu direito. Importante: ao fazer isso, algumas \u00e1reas das nossas Plataformas podem n\u00e3o funcionar corretamente.<\/p>\n\n\n\n<p>(ii) Atrav\u00e9s de Formul\u00e1rio. voc\u00ea tamb\u00e9m pode entrar em contato conosco pelo formul\u00e1rio (Solicita\u00e7\u00f5es de dados pessoais) e fazer sua solicita\u00e7\u00e3o de restri\u00e7\u00e3o de tratamento. Iremos avaliar as suas solicita\u00e7\u00f5es e, caso leg\u00edtimas, proceder com os atendimentos.<br><br>Se a Spott estiver usando seus Dados Pessoais para uma finalidade que voc\u00ea n\u00e3o concorde, voc\u00ea pode se opor?<br>Sim. No dia-a-dia das nossas atividades, \u00e9 normal que possamos utilizar Bases Legais que n\u00e3o dependam do seu consentimento, como o leg\u00edtimo interesse. Sempre exercemos esse direito com responsabilidade e no seu melhor interesse, mas se voc\u00ea acreditar que tal finalidade impacta os seus direitos, entre em contato pelo formul\u00e1rio (Solicita\u00e7\u00f5es de dados pessoais) que vamos avaliar a possibilidade de deixar de usar seus Dados Pessoais para aquela finalidade. Lembrando que, em alguns casos, podemos demonstrar que temos motivos leg\u00edtimos para mesmo assim continuar tratando seus Dados Pessoais, por exemplo, para prevenir fraudes e garantir a sua prote\u00e7\u00e3o ou para cumprir obriga\u00e7\u00f5es legais).<br><br>Dado o consentimento para a Spott tratar seus Dados Pessoais, posso mudar de ideia?<br>Sim. Voc\u00ea pode revogar seu consentimento por meio de funcionalidades dedicadas dispon\u00edveis nas nossas Plataformas ou pelo formul\u00e1rio (Solicita\u00e7\u00f5es de dados pessoais). Na ocasi\u00e3o, tamb\u00e9m informaremos a voc\u00ea eventuais consequ\u00eancias da revoga\u00e7\u00e3o do seu consentimento. \u00c9 importante entender que, como algumas de nossas atividades podem depender em grande medida do seu consentimento, para diversas finalidades, \u00e9 poss\u00edvel que caso voc\u00ea realmente deseje revogar o consentimento fornecido, N\u00f3s sejamos obrigados a impor certas restri\u00e7\u00f5es ao uso de determinados produtos e servi\u00e7os e, em alguns casos, a deixar de oferecer benef\u00edcios para voc\u00ea.<br><br>Se eu quiser uma c\u00f3pia de todos os meus Dados Pessoais, posso solicitar \u00e0 Spott?<br>Sim. Basta entrar em pelo formul\u00e1rio (&#8230;) que vamos fornecer esses Dados Pessoais em um formato que pode ser aberto em qualquer computador.<br><br>\u00c9 poss\u00edvel obter uma lista das entidades, p\u00fablicas ou privadas, com as quais a Spott compartilhou seus Dados Pessoais?<br>Sim. Voc\u00ea pode solicitar essas informa\u00e7\u00f5es pelo formul\u00e1rio (Solicita\u00e7\u00f5es de dados pessoais). Lembrando que a Spott se reserva o direito de n\u00e3o compartilhar essa informa\u00e7\u00e3o caso os Dados Pessoais tenham sido compartilhados com alguma autoridade p\u00fablica em segredo de justi\u00e7a, ou caso a confidencialidade das informa\u00e7\u00f5es solicitadas tenha de ser mantida para proteger segredos de neg\u00f3cio da Spott ou de terceiros com os quais a Spott se relaciona.<br><br>POR QUANTO TEMPO OS DADOS PESSOAIS SER\u00c3O ARMAZENADOS?<br>A Spott possui uma pol\u00edtica de reten\u00e7\u00e3o de Dados Pessoais alinhada com a lei aplic\u00e1vel. Dados Pessoais s\u00e3o armazenados somente pelo tempo que forem necess\u00e1rios para cumprir com as finalidades para as quais foram coletados, salvo se houver qualquer outra raz\u00e3o para sua manuten\u00e7\u00e3o como, por exemplo, cumprimento de quaisquer obriga\u00e7\u00f5es legais, regulat\u00f3rias, contratuais, entre outras, desde que fundamentadas com uma Base Legal.<\/p>\n\n\n\n<p>Sempre fazemos uma an\u00e1lise t\u00e9cnica para determinar o per\u00edodo de reten\u00e7\u00e3o adequado para cada tipo de Dado Pessoal coletado, considerando a sua natureza, necessidade de coleta e finalidade para a qual ele ser\u00e1 tratado.<br><br>QUAIS S\u00c3O NOSSAS RESPONSABILIDADES E COMO A SPOTT PROTEGE MEUS DADOS PESSOAIS?<br><br>Nossa responsabilidade \u00e9 cuidar dos seus Dados Pessoais, e utiliz\u00e1-los somente para as finalidades descritas nessa Pol\u00edtica. E para garantir a sua privacidade e a prote\u00e7\u00e3o dos seus Dados Pessoais, adotamos recursos tecnol\u00f3gicos avan\u00e7ados para garantir a seguran\u00e7a de todos os dados coletados e armazenados. Entre as medidas de seguran\u00e7a implementadas est\u00e3o a criptografia e a instala\u00e7\u00e3o de barreiras contra o acesso indevido \u00e0 base de dados (firewalls), entre outros controles de seguran\u00e7a da informa\u00e7\u00e3o. Algumas dessas medidas de seguran\u00e7a podem ser verificadas por voc\u00ea, verificando as informa\u00e7\u00f5es dispon\u00edveis no \u201ccadeado de seguran\u00e7a\u201d em seu navegador de internet.<\/p>\n\n\n\n<p>N\u00f3s nos esfor\u00e7amos para proteger a privacidade de seus Dados Pessoais, mas voc\u00ea tamb\u00e9m deve primar pela seguran\u00e7a dos seus dados. Entrada ou uso n\u00e3o autorizado de terceiros com informa\u00e7\u00f5es suas, falhas de hardware ou software que n\u00e3o estejam sob controle da Spott e outros fatores externos podem comprometer a seguran\u00e7a dos seus Dados Pessoais. Por isso, sua atua\u00e7\u00e3o \u00e9 fundamental para a manuten\u00e7\u00e3o de um ambiente seguro para todos. Voc\u00ea pode nos ajudar adotando boas pr\u00e1ticas de seguran\u00e7a em rela\u00e7\u00e3o aos seus dados (como, por exemplo, n\u00e3o compartilhar sua senha e outras informa\u00e7\u00f5es pessoais com terceiros.<br><br>COMO FALAR SOBRE DADOS PESSOAIS COM A SPOTT?<br><br>Se voc\u00ea acredita que seus Dados Pessoais foram usados de maneira incompat\u00edvel com esta Pol\u00edtica de Privacidade ou com as suas escolhas enquanto Titular dos Dados, ou, ainda, se voc\u00ea tiver d\u00favidas, coment\u00e1rios ou sugest\u00f5es relacionadas a esta Pol\u00edtica, entre em contato conosco. <br><br>MUDAN\u00c7AS NA POL\u00cdTICA DE PRIVACIDADE<br><br>O mundo est\u00e1 em constante mudan\u00e7a, assim como o nosso neg\u00f3cio. Por isso, esta Pol\u00edtica tamb\u00e9m pode passar por altera\u00e7\u00f5es. Mas n\u00e3o se preocupe! voc\u00ea ser\u00e1 avisado com o resumo das altera\u00e7\u00f5es toda vez que a Pol\u00edtica for atualizada. De toda forma, recomendamos a visita peri\u00f3dica desta p\u00e1gina para que voc\u00ea tenha conhecimento sobre as modifica\u00e7\u00f5es efetivadas. Caso sejam feitas altera\u00e7\u00f5es relevantes que necessitem de um novo consentimento seu, iremos publicar uma atualiza\u00e7\u00e3o e solicitar um novo consentimento para voc\u00ea.<\/p>\n","protected":false},"excerpt":{"rendered":"<p>Os dados abaixo constituem parte integrante dos Termos e Condi\u00e7\u00f5es de Uso. Este site \u00e9 de propriedade, mantido,&#8230;<\/p>\n","protected":false},"author":1,"featured_media":0,"parent":0,"menu_order":0,"comment_status":"closed","ping_status":"open","template":"","meta":{"footnotes":""},"aioseo_notices":[],"_links":{"self":[{"href":"https:\/\/loja.spott.eco\/index.php\/wp-json\/wp\/v2\/pages\/3"}],"collection":[{"href":"https:\/\/loja.spott.eco\/index.php\/wp-json\/wp\/v2\/pages"}],"about":[{"href":"https:\/\/loja.spott.eco\/index.php\/wp-json\/wp\/v2\/types\/page"}],"author":[{"embeddable":true,"href":"https:\/\/loja.spott.eco\/index.php\/wp-json\/wp\/v2\/users\/1"}],"replies":[{"embeddable":true,"href":"https:\/\/loja.spott.eco\/index.php\/wp-json\/wp\/v2\/comments?post=3"}],"version-history":[{"count":1,"href":"https:\/\/loja.spott.eco\/index.php\/wp-json\/wp\/v2\/pages\/3\/revisions"}],"predecessor-version":[{"id":4645,"href":"https:\/\/loja.spott.eco\/index.php\/wp-json\/wp\/v2\/pages\/3\/revisions\/4645"}],"wp:attachment":[{"href":"https:\/\/loja.spott.eco\/index.php\/wp-json\/wp\/v2\/media?parent=3"}],"curies":[{"name":"wp","href":"https:\/\/api.w.org\/{rel}","templated":true}]}}